{"id":286,"date":"2023-03-09T18:43:00","date_gmt":"2023-03-09T18:43:00","guid":{"rendered":"https:\/\/serranopark.es\/parking\/?page_id=286"},"modified":"2026-01-14T14:59:40","modified_gmt":"2026-01-14T14:59:40","slug":"abono-mensual","status":"publish","type":"page","link":"https:\/\/serranopark.es\/index.php\/abono-mensual\/","title":{"rendered":"abono"},"content":{"rendered":"<p>[et_pb_section fb_built=\u00bb1&#8243; _builder_version=\u00bb4.18.1&#8243; _module_preset=\u00bbdefault\u00bb global_colors_info=\u00bb{}\u00bb][et_pb_row _builder_version=\u00bb4.18.1&#8243; _module_preset=\u00bbdefault\u00bb global_colors_info=\u00bb{}\u00bb][et_pb_column type=\u00bb4_4&#8243; _builder_version=\u00bb4.18.1&#8243; _module_preset=\u00bbdefault\u00bb global_colors_info=\u00bb{}\u00bb][et_pb_text _builder_version=\u00bb4.18.1&#8243; _module_preset=\u00bbdefault\u00bb global_colors_info=\u00bb{}\u00bb]<\/p>\n<h2 class=\"et_pb_module_header\"><span>Tarifa rotaci\u00f3n<\/span><\/h2>\n<p>[\/et_pb_text][\/et_pb_column][\/et_pb_row][et_pb_row _builder_version=\u00bb4.18.1&#8243; _module_preset=\u00bbdefault\u00bb hover_enabled=\u00bb0&#8243; global_colors_info=\u00bb{}\u00bb sticky_enabled=\u00bb0&#8243;][et_pb_column type=\u00bb4_4&#8243; _builder_version=\u00bb4.18.1&#8243; _module_preset=\u00bbdefault\u00bb global_colors_info=\u00bb{}\u00bb][et_pb_image src=\u00bbhttps:\/\/serranopark.es\/wp-content\/uploads\/2026\/01\/e69818e1ff2b4ed48ce441ae60f81151.png\u00bb title_text=\u00bbe69818e1ff2b4ed48ce441ae60f81151&#8243; _builder_version=\u00bb4.18.1&#8243; _module_preset=\u00bbdefault\u00bb width=\u00bb100%\u00bb min_height=\u00bb329.5px\u00bb custom_margin=\u00bb|104px|47px|||\u00bb custom_padding=\u00bb|0px||||\u00bb hover_enabled=\u00bb0&#8243; global_colors_info=\u00bb{}\u00bb sticky_enabled=\u00bb0&#8243;][\/et_pb_image][\/et_pb_column][\/et_pb_row][\/et_pb_section][et_pb_section fb_built=\u00bb1&#8243; _builder_version=\u00bb4.18.1&#8243; _module_preset=\u00bbdefault\u00bb global_colors_info=\u00bb{}\u00bb][et_pb_row _builder_version=\u00bb4.18.1&#8243; _module_preset=\u00bbdefault\u00bb global_colors_info=\u00bb{}\u00bb][et_pb_column type=\u00bb4_4&#8243; _builder_version=\u00bb4.18.1&#8243; _module_preset=\u00bbdefault\u00bb global_colors_info=\u00bb{}\u00bb][et_pb_text _builder_version=\u00bb4.18.1&#8243; _module_preset=\u00bbdefault\u00bb global_colors_info=\u00bb{}\u00bb]<\/p>\n<h2 class=\"et_pb_module_header\"><span>Abono mensual<\/span><\/h2>\n<p>[\/et_pb_text][\/et_pb_column][\/et_pb_row][et_pb_row column_structure=\u00bb2_5,3_5&#8243; _builder_version=\u00bb4.18.1&#8243; _module_preset=\u00bbdefault\u00bb global_colors_info=\u00bb{}\u00bb][et_pb_column type=\u00bb2_5&#8243; _builder_version=\u00bb4.18.1&#8243; _module_preset=\u00bbdefault\u00bb global_colors_info=\u00bb{}\u00bb][et_pb_image src=\u00bbhttps:\/\/serranopark.es\/wp-content\/uploads\/2023\/02\/Captura9.png\u00bb title_text=\u00bbCaptura9&#8243; _builder_version=\u00bb4.18.1&#8243; _module_preset=\u00bbdefault\u00bb width=\u00bb100%\u00bb max_width=\u00bb100%\u00bb min_height=\u00bb174px\u00bb global_colors_info=\u00bb{}\u00bb][\/et_pb_image][\/et_pb_column][et_pb_column type=\u00bb3_5&#8243; _builder_version=\u00bb4.18.1&#8243; _module_preset=\u00bbdefault\u00bb global_colors_info=\u00bb{}\u00bb][\/et_pb_column][\/et_pb_row][et_pb_row _builder_version=\u00bb4.18.1&#8243; _module_preset=\u00bbdefault\u00bb global_colors_info=\u00bb{}\u00bb][et_pb_column type=\u00bb4_4&#8243; _builder_version=\u00bb4.18.1&#8243; _module_preset=\u00bbdefault\u00bb global_colors_info=\u00bb{}\u00bb][et_pb_text _builder_version=\u00bb4.18.1&#8243; _module_preset=\u00bbdefault\u00bb global_colors_info=\u00bb{}\u00bb]<\/p>\n<p><span>Serranopark dispone de diferentes tipos de abonos para adaptarse a tus necesidades<\/span><\/p>\n<p>\u00bfVa a utilizar el aparcamiento de forma frecuente? Le interesar\u00e1n nuestros abonos mensuales. Le permitir\u00e1n estacionar en diferentes franjas horarias y d\u00edas.<\/p>\n<p>\u00bfQuiere contratar un abono? P\u00f3ngase en contacto con nosotros en <a href=\"mailto:info@serranopark.es\">info@serranopark.es<\/a> y le informaremos.<\/p>\n<p>Acceso al parking a trav\u00e9s de lectura de matr\u00edcula o c\u00f3digo QR<\/p>\n<p>&nbsp;<\/p>\n<blockquote><\/blockquote>\n<blockquote><\/blockquote>\n<p>[\/et_pb_text][et_pb_text _builder_version=\u00bb4.18.1&#8243; _module_preset=\u00bbdefault\u00bb global_colors_info=\u00bb{}\u00bb]<\/p>\n<ul>\n<li><strong>BONOS POR USOS<\/strong>, cuya compra se hace directamente en los cajeros y tenemos bonos de 3, 5, 7 y 10 usos, los usos son cada uno de un m\u00e1ximo de 24 horas, la primera vez que se utilice debe ser para realizar una entrada al parking (no se canjea el ticket)<\/li>\n<\/ul>\n<p>Producto exclusivo en Serrano-Juan Bravo y Serrano-Ortega<\/p>\n<p>[\/et_pb_text][\/et_pb_column][\/et_pb_row][\/et_pb_section][et_pb_section fb_built=\u00bb1&#8243; _builder_version=\u00bb4.18.1&#8243; _module_preset=\u00bbdefault\u00bb global_colors_info=\u00bb{}\u00bb][\/et_pb_section]<\/p>\n","protected":false},"excerpt":{"rendered":"<p>Tarifa rotaci\u00f3nAbono mensualSerranopark dispone de diferentes tipos de abonos para adaptarse a tus necesidades \u00bfVa a utilizar el aparcamiento de forma frecuente? Le interesar\u00e1n nuestros abonos mensuales. Le permitir\u00e1n estacionar en diferentes franjas horarias y d\u00edas. \u00bfQuiere contratar un abono? P\u00f3ngase en contacto con nosotros en info@serranopark.es y le informaremos. Acceso al parking a trav\u00e9s [&hellip;]<\/p>\n","protected":false},"author":1,"featured_media":0,"parent":0,"menu_order":0,"comment_status":"closed","ping_status":"closed","template":"","meta":{"_et_pb_use_builder":"on","_et_pb_old_content":"","_et_gb_content_width":"","footnotes":""},"class_list":["post-286","page","type-page","status-publish","hentry"],"yoast_head":"<!-- This site is optimized with the Yoast SEO plugin v27.5 - https:\/\/yoast.com\/product\/yoast-seo-wordpress\/ -->\n<title>abono - Serranopark<\/title>\n<meta name=\"robots\" content=\"index, follow, max-snippet:-1, max-image-preview:large, max-video-preview:-1\" \/>\n<link rel=\"canonical\" href=\"https:\/\/serranopark.es\/parking\/index.php\/abono-mensual\/\" \/>\n<meta property=\"og:locale\" content=\"es_ES\" \/>\n<meta property=\"og:type\" content=\"article\" \/>\n<meta property=\"og:title\" content=\"abono - Serranopark\" \/>\n<meta property=\"og:description\" content=\"Tarifa rotaci\u00f3nAbono mensualSerranopark dispone de diferentes tipos de abonos para adaptarse a tus necesidades \u00bfVa a utilizar el aparcamiento de forma frecuente? Le interesar\u00e1n nuestros abonos mensuales. Le permitir\u00e1n estacionar en diferentes franjas horarias y d\u00edas. \u00bfQuiere contratar un abono? P\u00f3ngase en contacto con nosotros en info@serranopark.es y le informaremos. Acceso al parking a trav\u00e9s [&hellip;]\" \/>\n<meta property=\"og:url\" content=\"https:\/\/serranopark.es\/parking\/index.php\/abono-mensual\/\" \/>\n<meta property=\"og:site_name\" content=\"Serranopark\" \/>\n<meta property=\"article:modified_time\" content=\"2026-01-14T14:59:40+00:00\" \/>\n<meta name=\"twitter:card\" content=\"summary_large_image\" \/>\n<meta name=\"twitter:label1\" content=\"Tiempo de lectura\" \/>\n\t<meta name=\"twitter:data1\" content=\"1 minuto\" \/>\n<script type=\"application\/ld+json\" class=\"yoast-schema-graph\">{\"@context\":\"https:\\\/\\\/schema.org\",\"@graph\":[{\"@type\":\"WebPage\",\"@id\":\"https:\\\/\\\/serranopark.es\\\/parking\\\/index.php\\\/abono-mensual\\\/\",\"url\":\"https:\\\/\\\/serranopark.es\\\/parking\\\/index.php\\\/abono-mensual\\\/\",\"name\":\"abono - Serranopark\",\"isPartOf\":{\"@id\":\"https:\\\/\\\/serranopark.es\\\/parking\\\/#website\"},\"datePublished\":\"2023-03-09T18:43:00+00:00\",\"dateModified\":\"2026-01-14T14:59:40+00:00\",\"breadcrumb\":{\"@id\":\"https:\\\/\\\/serranopark.es\\\/parking\\\/index.php\\\/abono-mensual\\\/#breadcrumb\"},\"inLanguage\":\"es\",\"potentialAction\":[{\"@type\":\"ReadAction\",\"target\":[\"https:\\\/\\\/serranopark.es\\\/parking\\\/index.php\\\/abono-mensual\\\/\"]}]},{\"@type\":\"BreadcrumbList\",\"@id\":\"https:\\\/\\\/serranopark.es\\\/parking\\\/index.php\\\/abono-mensual\\\/#breadcrumb\",\"itemListElement\":[{\"@type\":\"ListItem\",\"position\":1,\"name\":\"Portada\",\"item\":\"https:\\\/\\\/serranopark.es\\\/parking\\\/\"},{\"@type\":\"ListItem\",\"position\":2,\"name\":\"abono\"}]},{\"@type\":\"WebSite\",\"@id\":\"https:\\\/\\\/serranopark.es\\\/parking\\\/#website\",\"url\":\"https:\\\/\\\/serranopark.es\\\/parking\\\/\",\"name\":\"SERRANOPARK\",\"description\":\"Tu parking en el centro de Madrid\",\"publisher\":{\"@id\":\"https:\\\/\\\/serranopark.es\\\/parking\\\/#organization\"},\"potentialAction\":[{\"@type\":\"SearchAction\",\"target\":{\"@type\":\"EntryPoint\",\"urlTemplate\":\"https:\\\/\\\/serranopark.es\\\/parking\\\/?s={search_term_string}\"},\"query-input\":{\"@type\":\"PropertyValueSpecification\",\"valueRequired\":true,\"valueName\":\"search_term_string\"}}],\"inLanguage\":\"es\"},{\"@type\":\"Organization\",\"@id\":\"https:\\\/\\\/serranopark.es\\\/parking\\\/#organization\",\"name\":\"SERRANOPARK\",\"url\":\"https:\\\/\\\/serranopark.es\\\/parking\\\/\",\"logo\":{\"@type\":\"ImageObject\",\"inLanguage\":\"es\",\"@id\":\"https:\\\/\\\/serranopark.es\\\/parking\\\/#\\\/schema\\\/logo\\\/image\\\/\",\"url\":\"https:\\\/\\\/serranopark.es\\\/wp-content\\\/uploads\\\/2022\\\/04\\\/serrano_logo2.png\",\"contentUrl\":\"https:\\\/\\\/serranopark.es\\\/wp-content\\\/uploads\\\/2022\\\/04\\\/serrano_logo2.png\",\"width\":357,\"height\":141,\"caption\":\"SERRANOPARK\"},\"image\":{\"@id\":\"https:\\\/\\\/serranopark.es\\\/parking\\\/#\\\/schema\\\/logo\\\/image\\\/\"}}]}<\/script>\n<!-- \/ Yoast SEO plugin. -->","yoast_head_json":{"title":"abono - Serranopark","robots":{"index":"index","follow":"follow","max-snippet":"max-snippet:-1","max-image-preview":"max-image-preview:large","max-video-preview":"max-video-preview:-1"},"canonical":"https:\/\/serranopark.es\/parking\/index.php\/abono-mensual\/","og_locale":"es_ES","og_type":"article","og_title":"abono - Serranopark","og_description":"Tarifa rotaci\u00f3nAbono mensualSerranopark dispone de diferentes tipos de abonos para adaptarse a tus necesidades \u00bfVa a utilizar el aparcamiento de forma frecuente? Le interesar\u00e1n nuestros abonos mensuales. Le permitir\u00e1n estacionar en diferentes franjas horarias y d\u00edas. \u00bfQuiere contratar un abono? P\u00f3ngase en contacto con nosotros en info@serranopark.es y le informaremos. Acceso al parking a trav\u00e9s [&hellip;]","og_url":"https:\/\/serranopark.es\/parking\/index.php\/abono-mensual\/","og_site_name":"Serranopark","article_modified_time":"2026-01-14T14:59:40+00:00","twitter_card":"summary_large_image","twitter_misc":{"Tiempo de lectura":"1 minuto"},"schema":{"@context":"https:\/\/schema.org","@graph":[{"@type":"WebPage","@id":"https:\/\/serranopark.es\/parking\/index.php\/abono-mensual\/","url":"https:\/\/serranopark.es\/parking\/index.php\/abono-mensual\/","name":"abono - Serranopark","isPartOf":{"@id":"https:\/\/serranopark.es\/parking\/#website"},"datePublished":"2023-03-09T18:43:00+00:00","dateModified":"2026-01-14T14:59:40+00:00","breadcrumb":{"@id":"https:\/\/serranopark.es\/parking\/index.php\/abono-mensual\/#breadcrumb"},"inLanguage":"es","potentialAction":[{"@type":"ReadAction","target":["https:\/\/serranopark.es\/parking\/index.php\/abono-mensual\/"]}]},{"@type":"BreadcrumbList","@id":"https:\/\/serranopark.es\/parking\/index.php\/abono-mensual\/#breadcrumb","itemListElement":[{"@type":"ListItem","position":1,"name":"Portada","item":"https:\/\/serranopark.es\/parking\/"},{"@type":"ListItem","position":2,"name":"abono"}]},{"@type":"WebSite","@id":"https:\/\/serranopark.es\/parking\/#website","url":"https:\/\/serranopark.es\/parking\/","name":"SERRANOPARK","description":"Tu parking en el centro de Madrid","publisher":{"@id":"https:\/\/serranopark.es\/parking\/#organization"},"potentialAction":[{"@type":"SearchAction","target":{"@type":"EntryPoint","urlTemplate":"https:\/\/serranopark.es\/parking\/?s={search_term_string}"},"query-input":{"@type":"PropertyValueSpecification","valueRequired":true,"valueName":"search_term_string"}}],"inLanguage":"es"},{"@type":"Organization","@id":"https:\/\/serranopark.es\/parking\/#organization","name":"SERRANOPARK","url":"https:\/\/serranopark.es\/parking\/","logo":{"@type":"ImageObject","inLanguage":"es","@id":"https:\/\/serranopark.es\/parking\/#\/schema\/logo\/image\/","url":"https:\/\/serranopark.es\/wp-content\/uploads\/2022\/04\/serrano_logo2.png","contentUrl":"https:\/\/serranopark.es\/wp-content\/uploads\/2022\/04\/serrano_logo2.png","width":357,"height":141,"caption":"SERRANOPARK"},"image":{"@id":"https:\/\/serranopark.es\/parking\/#\/schema\/logo\/image\/"}}]}},"_links":{"self":[{"href":"https:\/\/serranopark.es\/index.php\/wp-json\/wp\/v2\/pages\/286","targetHints":{"allow":["GET"]}}],"collection":[{"href":"https:\/\/serranopark.es\/index.php\/wp-json\/wp\/v2\/pages"}],"about":[{"href":"https:\/\/serranopark.es\/index.php\/wp-json\/wp\/v2\/types\/page"}],"author":[{"embeddable":true,"href":"https:\/\/serranopark.es\/index.php\/wp-json\/wp\/v2\/users\/1"}],"replies":[{"embeddable":true,"href":"https:\/\/serranopark.es\/index.php\/wp-json\/wp\/v2\/comments?post=286"}],"version-history":[{"count":19,"href":"https:\/\/serranopark.es\/index.php\/wp-json\/wp\/v2\/pages\/286\/revisions"}],"predecessor-version":[{"id":897,"href":"https:\/\/serranopark.es\/index.php\/wp-json\/wp\/v2\/pages\/286\/revisions\/897"}],"wp:attachment":[{"href":"https:\/\/serranopark.es\/index.php\/wp-json\/wp\/v2\/media?parent=286"}],"curies":[{"name":"wp","href":"https:\/\/api.w.org\/{rel}","templated":true}]}}